{"id":1018,"date":"2024-03-25T18:34:48","date_gmt":"2024-03-25T17:34:48","guid":{"rendered":"https:\/\/irn-postcolonial-print-cultures.org\/?page_id=1018"},"modified":"2024-03-26T03:23:08","modified_gmt":"2024-03-26T02:23:08","slug":"newsletter-4-january-february-2024","status":"publish","type":"page","link":"https:\/\/irn-postcolonial-print-cultures.org\/index.php\/news\/newsletter-4-january-february-2024\/","title":{"rendered":"Newsletter #4 &#8211; January-February 2024"},"content":{"rendered":"<h2 class=\"null\"><span style=\"color: #ff9900;\">IRN seminars<\/span><\/h2>\n<div><\/div>\n<div><span style=\"font-family: georgia, times, times new roman, serif;\"><strong>Next IRNPPC seminar<\/strong><\/span><\/div>\n<div>\n<p><img loading=\"lazy\" decoding=\"async\" class=\"wp-image-973 alignright\" src=\"https:\/\/irn-postcolonial-print-cultures.org\/wp-content\/uploads\/2024\/02\/Capture-decran-2024-02-15-a-15.02.20-238x300.png\" alt=\"\" width=\"132\" height=\"167\" \/><\/p>\n<p align=\"justify\"><strong>Friday March 22nd 2024<\/strong>, the <strong>International Group for Studies of Colonial Periodical Press of the Portuguese Empire<\/strong> presented <a href=\"https:\/\/www.gieipc-ip.org\/home1?lang=en\" target=\"_blank\" rel=\"noopener\">its research projects and publications<\/a>, concerning Portuguese-speaking worlds and of other spaces (Goa, India, Macau, China), including <a href=\"https:\/\/expoimprensacolonial.fcsh.unl.pt\/\" target=\"_blank\" rel=\"noopener\">the virtual exhibition<\/a>.<\/p>\n<div>\n<p align=\"justify\"><span style=\"font-family: georgia, times, times new roman, serif;\"><strong>Other forthcoming IRNPPC seminar<\/strong><\/span><\/p>\n<p><img loading=\"lazy\" decoding=\"async\" class=\"alignleft\" src=\"https:\/\/global.oup.com\/academic\/covers\/pdp\/9780198894179\" alt=\"Cover for Scripting Empire \" width=\"125\" height=\"196\" \/><\/p>\n<p align=\"justify\"><strong>Friday May 3rd 2024<\/strong>, Professor <strong>James Procter<\/strong> will hold a session devoted to the launch of his book <a href=\"https:\/\/global.oup.com\/academic\/product\/scripting-empire-9780198894179?cc=fr&amp;lang=en&amp;\" target=\"_blank\" rel=\"noopener\"><em>Scripting Empire. Broadcasting, the BBC, and the Black Atlantic<\/em><\/a> (Oxford University Press, 2024).<\/p>\n<p>&nbsp;<\/p>\n<p>&nbsp;<\/p>\n<\/div>\n<\/div>\n<p align=\"justify\"><span style=\"color: #ff9900; font-size: 24px; font-weight: bold;\">Upcoming IRNPPC conferences<\/span><\/p>\n<div>\n<p align=\"justify\">Conference organized by Laetitia Zecchini (CNRS) at the University of Chicago Center in Paris, <span style=\"color: #ff9900;\">July 5-6 2024<\/span>, on<\/p>\n<\/div>\n<div style=\"text-align: center;\">\u2018<strong>Law and Print in Postcolonial Contexts: Censorship, Copyright and Piracy<\/strong>\u2019<\/div>\n<div>\n<p align=\"justify\">This conference addresses the relationship between print \u00a0and legislation, censorship and copyright in postcolonial contexts. It aims to explore the role of colonial and postcolonial institutions, of the state and other gate-keepers in the regulation of print; the forms and practices of cultural regulation and censorship particular to certain postcolonial contexts; as well as the many alternative, informal or interstitial publishing networks, spaces and practices operating outside official (or monitored) circuits. <span style=\"color: #ffcc00;\"><a style=\"color: #ffcc00;\" href=\"https:\/\/postcolonialpc.us20.list-manage.com\/track\/click?u=12a8f7a05d7b0d9637623c6d5&amp;id=2b32597785&amp;e=f655fad5bf\" target=\"_blank\" rel=\"noopener\" data-saferedirecturl=\"https:\/\/www.google.com\/url?q=https:\/\/postcolonialpc.us20.list-manage.com\/track\/click?u%3D12a8f7a05d7b0d9637623c6d5%26id%3D2b32597785%26e%3Df655fad5bf&amp;source=gmail&amp;ust=1700847146448000&amp;usg=AOvVaw3v-c4gZryLspfBvGLMm4Vl\">More information here<\/a><\/span>.<\/p>\n<\/div>\n<h2><span style=\"color: #ff9900;\">Recent news of IRN members &amp; affiliates<\/span><\/h2>\n<p><img loading=\"lazy\" decoding=\"async\" class=\" wp-image-1020 alignleft\" src=\"https:\/\/irn-postcolonial-print-cultures.org\/wp-content\/uploads\/2024\/03\/ACLA.png\" alt=\"\" width=\"150\" height=\"82\" \/><\/p>\n<p align=\"justify\"><strong>Seminars<\/strong>: \u201cThe Periodical and Method, the Periodical as Method\u201d, organized by <strong>Anthony Stott<\/strong> at the University of Chicago, <strong>March 15-16-17<\/strong>, for the <strong>American Comparative Literature Association. <\/strong><\/p>\n<p align=\"justify\">Supurna Dasgupta (UChicago) gave a talk entitled &#8220;Finding the Foreign: World Poetry for a Bengali Audience&#8221; as well as Laetitia Zecchini (CNRS), &#8220;Postcolonial Periodicals from India: Minority as Resource and Activism&#8221;, on March 15.<\/p>\n<p align=\"justify\"><img loading=\"lazy\" decoding=\"async\" class=\" wp-image-1021 alignright\" src=\"https:\/\/irn-postcolonial-print-cultures.org\/wp-content\/uploads\/2024\/03\/Senghor-a-sa-table.jpeg\" alt=\"\" width=\"134\" height=\"163\" \/><strong>Lecture<\/strong>: <a href=\"http:\/\/www.item.ens.fr\/yohann-ripert-stetson-university-trouver-le-sens-tour-retour-detour-dans-la-traduction-de-loeuvre-de-senghor-ousmane-diao-ucad-de-la-neologie-lexicale-dans-ethiopiques\/\" target=\"_blank\" rel=\"noopener\" data-cke-saved-href=\"http:\/\/www.item.ens.fr\/yohann-ripert-stetson-university-trouver-le-sens-tour-retour-detour-dans-la-traduction-de-loeuvre-de-senghor-ousmane-diao-ucad-de-la-neologie-lexicale-dans-ethiopiques\/\">Yohann Ripert (Stetson University), &#8220;Trouver le sens: tour, retour, d\u00e9tour dans la traduction de l&#8217;oeuvre de Senghor&#8221;, and Ousmane Diao (UCAD), &#8220;De la n\u00e9ologie lexicale dans \u00c9thiopiques&#8221;<\/a>, for the L\u00e9opold S\u00e9dar Senghor International Research Seminar (moderated by Claire Riffart and Edoardo Cagnan), <strong>Thursday March 14, 4pm Paris<\/strong>.<\/p>\n<p align=\"justify\"><img loading=\"lazy\" decoding=\"async\" class=\" wp-image-1022 alignleft\" src=\"https:\/\/irn-postcolonial-print-cultures.org\/wp-content\/uploads\/2024\/03\/Cover-of-She-magazine-June-1972.-LSE-225x300.jpg\" alt=\"\" width=\"137\" height=\"183\" srcset=\"https:\/\/irn-postcolonial-print-cultures.org\/wp-content\/uploads\/2024\/03\/Cover-of-She-magazine-June-1972.-LSE-225x300.jpg 225w, https:\/\/irn-postcolonial-print-cultures.org\/wp-content\/uploads\/2024\/03\/Cover-of-She-magazine-June-1972.-LSE.jpg 747w\" sizes=\"auto, (max-width: 137px) 100vw, 137px\" \/><strong>Digitization project<\/strong>: <span style=\"color: #ffa500;\"><strong>\u201cEditing Women in Archives\u201d in Pakistan<\/strong><\/span>, project to digitize Pakistani woman-related publications by\u00a0Madeline Clements (Teesside University), with\u00a0Mehvash Amin of\u00a0<em>The Aleph Review (<\/em>Lahore),\u00a0Niilofur Farrukh of\u00a0<em>Nuqta Art\u00a0<\/em>and the Karachi Biennale Trust (Karachi). Publications include:\u00a0<em>She\u00a0<\/em>Magazine (Karachi, 1963-2019) ;\u00a0<em>Nuqta Art <\/em>(Karachi)\u00a0;\u00a0<em>Paper <\/em>(Lahore) ; some\u00a0publications produced by the Simorgh Women\u2019s Resource and Publications Centre (Lahore).\u00a0Find out more about this long-term project <a href=\"https:\/\/www.tees.ac.uk\/sections\/news\/pressreleases_story.cfm?story_id=7989\" target=\"_blank\" rel=\"noopener\" data-cke-saved-href=\"https:\/\/www.tees.ac.uk\/sections\/news\/pressreleases_story.cfm?story_id=7989\">here<\/a>.<\/p>\n<p align=\"justify\"><img loading=\"lazy\" decoding=\"async\" class=\"alignright wp-image-973\" src=\"https:\/\/irn-postcolonial-print-cultures.org\/wp-content\/uploads\/2024\/02\/Capture-decran-2024-02-15-a-15.02.20-238x300.png\" alt=\"\" width=\"101\" height=\"128\" \/><span style=\"font-family: georgia, times, times new roman, serif;\"><strong>Call for papers<\/strong>: <\/span><a href=\"https:\/\/www.gieipc-ip.org\/home1\/call-for-papers-international-congress-the-press-of-exiles?lang=en\" target=\"_blank\" rel=\"noopener\" data-cke-saved-href=\"https:\/\/www.gieipc-ip.org\/home1\/call-for-papers-international-congress-the-press-of-exiles?lang=en\"><span style=\"font-family: georgia, times, times new roman, serif;\"><strong>\u201cThe Press of Exile(s)\u201d<\/strong><\/span><\/a><span style=\"font-family: georgia, times, times new roman, serif;\">,\u00a0<\/span>1st International Congress of\u00a0the\u00a0International Group for Studies of Colonial Periodical Press of the Portuguese Empire, University of Coimbra, October 10-11.<br \/>\nDeadline submission: <strong>June 15, 2024.<\/strong><br \/>\nEmail for submission: <u>imprensadeexilios@gmail.com<\/u>.<br \/>\nFor any question please contact: <u>gieipc.ip@gmail.com<\/u>.<\/p>\n<h2><span style=\"color: #ff9900;\">Recent publications of members &amp; affiliates<\/span><\/h2>\n<p><img loading=\"lazy\" decoding=\"async\" class=\" wp-image-975 alignleft\" src=\"https:\/\/irn-postcolonial-print-cultures.org\/wp-content\/uploads\/2024\/02\/9780198894179.jpg\" alt=\"\" width=\"129\" height=\"203\" \/><\/p>\n<p align=\"justify\">PROCTER, James, <em><a href=\"https:\/\/global.oup.com\/academic\/product\/scripting-empire-9780198894179?cc=gb&amp;lang=en&amp;\" target=\"_blank\" rel=\"noopener\" data-cke-saved-href=\"https:\/\/global.oup.com\/academic\/product\/scripting-empire-9780198894179?cc=gb&amp;lang=en&amp;\">Scripting Empire. Broadcasting, the BBC, and the Black Atlantic<\/a><\/em>, Oxford, Oxford University Press, 2024.<\/p>\n<p>&nbsp;<\/p>\n<p>&nbsp;<\/p>\n<p><img loading=\"lazy\" decoding=\"async\" class=\"wp-image-1023 alignright\" src=\"https:\/\/irn-postcolonial-print-cultures.org\/wp-content\/uploads\/2024\/03\/Pacific-ocean-regions.jpg\" alt=\"\" width=\"105\" height=\"161\" \/><\/p>\n<p align=\"justify\">LOBO, Sandra Ata\u00edde, FALCONI, Jessica, DIAS, Remy, SMITH, Dave A. (eds.), <em><a href=\"https:\/\/www.routledge.com\/The-Colonial-Periodical-Press-in-the-Indian-and-Pacific-Ocean-Regions\/Lobo-Falconi-Dias-Smith\/p\/book\/9780367198497#\" target=\"_blank\" rel=\"noopener\" data-cke-saved-href=\"https:\/\/www.routledge.com\/The-Colonial-Periodical-Press-in-the-Indian-and-Pacific-Ocean-Regions\/Lobo-Falconi-Dias-Smith\/p\/book\/9780367198497#\">The Colonial Periodical Press in the Indian and Pacific Ocean Regions<\/a><\/em>, London, Routledge, 2023.<\/p>\n<p style=\"text-align: center;\">\n<p style=\"text-align: center;\">&nbsp;<\/p>\n<p align=\"justify\"><img loading=\"lazy\" decoding=\"async\" class=\" wp-image-1024 alignleft\" src=\"https:\/\/irn-postcolonial-print-cultures.org\/wp-content\/uploads\/2024\/03\/Disaffected.png\" alt=\"\" width=\"118\" height=\"157\" \/>AGATHOCLEOUS, Tanya <em><a href=\"https:\/\/www.cornellpress.cornell.edu\/book\/9781501753893\/disaffected\/#bookTabs=1\" target=\"_blank\" rel=\"noopener\" data-cke-saved-href=\"https:\/\/www.cornellpress.cornell.edu\/book\/9781501753893\/disaffected\/#bookTabs=1\">Disaffected: Emotion, Sedition, and Colonial Law in the Anglosphere<\/a>, <\/em>Ithaca,\u00a0Cornell University Press, 2021, will be published in India by Jadavpur University Press in April 2024.<\/p>\n<h2><span style=\"color: #ff9900;\">Other publications<\/span><\/h2>\n<p><img loading=\"lazy\" decoding=\"async\" class=\"wp-image-1025 alignright\" src=\"https:\/\/irn-postcolonial-print-cultures.org\/wp-content\/uploads\/2024\/03\/CRII_102-193x300.jpg\" alt=\"\" width=\"122\" height=\"189\" srcset=\"https:\/\/irn-postcolonial-print-cultures.org\/wp-content\/uploads\/2024\/03\/CRII_102-193x300.jpg 193w, https:\/\/irn-postcolonial-print-cultures.org\/wp-content\/uploads\/2024\/03\/CRII_102.jpg 204w\" sizes=\"auto, (max-width: 122px) 100vw, 122px\" \/><\/p>\n<p align=\"justify\">BEERLI, Monique J, EL\u00a0QADIM, Nora\u00a0<a href=\"https:\/\/www.cairn.info\/revue-critique-internationale-2024-1-page-11.htm?contenu=resume.\" target=\"_blank\" rel=\"noopener\" data-cke-saved-href=\"https:\/\/www.cairn.info\/revue-critique-internationale-2024-1-page-11.htm?contenu=resume.\">\u00ab\u00a0Par et pour les archives\u00a0: vers une sociologie politique des mobilisations archivistiques transnationales\u00a0\u00bb<\/a>,\u00a0<em>Critique internationale<\/em>, vol. 102, no. 1, 2024, p. 11-26.<\/p>\n<p>&nbsp;<\/p>\n<p><img loading=\"lazy\" decoding=\"async\" class=\" wp-image-1026 alignleft\" src=\"https:\/\/irn-postcolonial-print-cultures.org\/wp-content\/uploads\/2024\/03\/Visual-anthropology.jpg\" alt=\"\" width=\"124\" height=\"170\" \/><\/p>\n<p align=\"justify\">TARNOWSKI, Stefan, <a href=\"https:\/\/www.tandfonline.com\/doi\/pdf\/10.1080\/08949468.2023.2285217\" target=\"_blank\" rel=\"noopener\" data-cke-saved-href=\"https:\/\/www.tandfonline.com\/doi\/pdf\/10.1080\/08949468.2023.2285217\">\u201cThe Beginning of an Idea about an End: On Digital, Diasporic, Syrian Archives\u201d<\/a>, <em>Visual Anthropology<\/em>, vol. 37, n\u00b0 1, 2024, pp. 35-55.<\/p>\n<p>&nbsp;<\/p>\n<p>&nbsp;<\/p>\n<p><img loading=\"lazy\" decoding=\"async\" class=\"wp-image-1027 alignright\" src=\"https:\/\/irn-postcolonial-print-cultures.org\/wp-content\/uploads\/2024\/03\/cover_issue_7_en_US-205x300.png\" alt=\"\" width=\"120\" height=\"176\" srcset=\"https:\/\/irn-postcolonial-print-cultures.org\/wp-content\/uploads\/2024\/03\/cover_issue_7_en_US-205x300.png 205w, https:\/\/irn-postcolonial-print-cultures.org\/wp-content\/uploads\/2024\/03\/cover_issue_7_en_US.png 700w\" sizes=\"auto, (max-width: 120px) 100vw, 120px\" \/><\/p>\n<p align=\"justify\">KHALID, Roshaan , BASHIR Sundes, KHALID, Aqsa, <a href=\"https:\/\/ijciss.org\/index.php\/ijciss\/article\/view\/414\/444\" target=\"_blank\" rel=\"noopener\" data-cke-saved-href=\"https:\/\/ijciss.org\/index.php\/ijciss\/article\/view\/414\/444\">\u201cA Postcolonial Approach to Refugee Literature: Deconstructing the Narrative of Violence and Trauma\u201d<\/a>, <em>International Journal of Contemporary Issues in Social Sciences<\/em>, vol. 3, Issue 1, 2024, pp. 1164\u20131170.<\/p>\n<p>&nbsp;<\/p>\n<p align=\"justify\">IRNPPC website : You can consult our new section <a href=\"https:\/\/irn-postcolonial-print-cultures.org\/index.php\/resources\/archives\/\" target=\"_blank\" rel=\"noopener\" data-cke-saved-href=\"https:\/\/irn-postcolonial-print-cultures.org\/index.php\/resources\/archives\/\">on digitized archives here<\/a> (work in progress).\u00a0We welcome any suggestions you may have for completing the section.<\/p>\n<div>\n<p align=\"justify\"><strong><span style=\"color: #ffcc00;\">Reminder<\/span>:<\/strong> please send all IRNPPC news that you would like to promote<strong>\u00a0<\/strong>(concerning\u00a0publications, jobs, conferences, etc)<strong>\u00a0<\/strong>to Albert, our web administrator:<u> <a href=\"mailto:aconstantpiot@gmail.com\" target=\"_blank\" rel=\"noopener\">aconstantpiot@gmail.com<\/a><\/u>.<\/p>\n<p align=\"justify\"><em>Copyright \u00a9 International Research Network on Postcolonial Print Cultures 2024, All rights reserved.<\/em><\/p>\n<\/div>\n","protected":false},"excerpt":{"rendered":"<p>IRN seminars Next IRNPPC seminar Friday March 22nd 2024, the International Group for Studies of Colonial Periodical Press of the Portuguese Empire presented its research projects and publications, concerning Portuguese-speaking worlds and of other spaces (Goa, India, Macau, China), including the virtual exhibition. Other forthcoming IRNPPC seminar Friday May 3rd 2024, Professor James Procter will &hellip; <a href=\"https:\/\/irn-postcolonial-print-cultures.org\/index.php\/news\/newsletter-4-january-february-2024\/\" class=\"more-link\">Continue reading <span class=\"screen-reader-text\">Newsletter #4 &#8211; January-February 2024<\/span> <span class=\"meta-nav\">&rarr;<\/span><\/a><\/p>\n","protected":false},"author":1,"featured_media":0,"parent":90,"menu_order":0,"comment_status":"closed","ping_status":"closed","template":"","meta":{"_mc_calendar":[],"footnotes":""},"class_list":["post-1018","page","type-page","status-publish","hentry"],"yoast_head":"<!-- This site is optimized with the Yoast SEO plugin v24.9 - https:\/\/yoast.com\/wordpress\/plugins\/seo\/ -->\n<title>Newsletter #4 - January-February 2024 - International Research Network on Postcolonial Print Cultures<\/title>\n<meta name=\"robots\" content=\"index, follow, max-snippet:-1, max-image-preview:large, max-video-preview:-1\" \/>\n<link rel=\"canonical\" href=\"https:\/\/irn-postcolonial-print-cultures.org\/index.php\/news\/newsletter-4-january-february-2024\/\" \/>\n<meta property=\"og:locale\" content=\"en_US\" \/>\n<meta property=\"og:type\" content=\"article\" \/>\n<meta property=\"og:title\" content=\"Newsletter #4 - January-February 2024 - International Research Network on Postcolonial Print Cultures\" \/>\n<meta property=\"og:description\" content=\"IRN seminars Next IRNPPC seminar Friday March 22nd 2024, the International Group for Studies of Colonial Periodical Press of the Portuguese Empire presented its research projects and publications, concerning Portuguese-speaking worlds and of other spaces (Goa, India, Macau, China), including the virtual exhibition. Other forthcoming IRNPPC seminar Friday May 3rd 2024, Professor James Procter will &hellip; Continue reading Newsletter #4 &#8211; January-February 2024 &rarr;\" \/>\n<meta property=\"og:url\" content=\"https:\/\/irn-postcolonial-print-cultures.org\/index.php\/news\/newsletter-4-january-february-2024\/\" \/>\n<meta property=\"og:site_name\" content=\"International Research Network on Postcolonial Print Cultures\" \/>\n<meta property=\"article:modified_time\" content=\"2024-03-26T02:23:08+00:00\" \/>\n<meta property=\"og:image\" content=\"https:\/\/irn-postcolonial-print-cultures.org\/wp-content\/uploads\/2024\/02\/Capture-decran-2024-02-15-a-15.02.20-238x300.png\" \/>\n<meta name=\"twitter:card\" content=\"summary_large_image\" \/>\n<meta name=\"twitter:label1\" content=\"Est. reading time\" \/>\n\t<meta name=\"twitter:data1\" content=\"6 minutes\" \/>\n<script type=\"application\/ld+json\" class=\"yoast-schema-graph\">{\"@context\":\"https:\/\/schema.org\",\"@graph\":[{\"@type\":\"WebPage\",\"@id\":\"https:\/\/irn-postcolonial-print-cultures.org\/index.php\/news\/newsletter-4-january-february-2024\/\",\"url\":\"https:\/\/irn-postcolonial-print-cultures.org\/index.php\/news\/newsletter-4-january-february-2024\/\",\"name\":\"Newsletter #4 - January-February 2024 - International Research Network on Postcolonial Print Cultures\",\"isPartOf\":{\"@id\":\"https:\/\/irn-postcolonial-print-cultures.org\/#website\"},\"primaryImageOfPage\":{\"@id\":\"https:\/\/irn-postcolonial-print-cultures.org\/index.php\/news\/newsletter-4-january-february-2024\/#primaryimage\"},\"image\":{\"@id\":\"https:\/\/irn-postcolonial-print-cultures.org\/index.php\/news\/newsletter-4-january-february-2024\/#primaryimage\"},\"thumbnailUrl\":\"https:\/\/irn-postcolonial-print-cultures.org\/wp-content\/uploads\/2024\/02\/Capture-decran-2024-02-15-a-15.02.20-238x300.png\",\"datePublished\":\"2024-03-25T17:34:48+00:00\",\"dateModified\":\"2024-03-26T02:23:08+00:00\",\"breadcrumb\":{\"@id\":\"https:\/\/irn-postcolonial-print-cultures.org\/index.php\/news\/newsletter-4-january-february-2024\/#breadcrumb\"},\"inLanguage\":\"en-US\",\"potentialAction\":[{\"@type\":\"ReadAction\",\"target\":[\"https:\/\/irn-postcolonial-print-cultures.org\/index.php\/news\/newsletter-4-january-february-2024\/\"]}]},{\"@type\":\"ImageObject\",\"inLanguage\":\"en-US\",\"@id\":\"https:\/\/irn-postcolonial-print-cultures.org\/index.php\/news\/newsletter-4-january-february-2024\/#primaryimage\",\"url\":\"https:\/\/irn-postcolonial-print-cultures.org\/wp-content\/uploads\/2024\/02\/Capture-decran-2024-02-15-a-15.02.20-e1711386063434.png\",\"contentUrl\":\"https:\/\/irn-postcolonial-print-cultures.org\/wp-content\/uploads\/2024\/02\/Capture-decran-2024-02-15-a-15.02.20-e1711386063434.png\",\"width\":333,\"height\":316},{\"@type\":\"BreadcrumbList\",\"@id\":\"https:\/\/irn-postcolonial-print-cultures.org\/index.php\/news\/newsletter-4-january-february-2024\/#breadcrumb\",\"itemListElement\":[{\"@type\":\"ListItem\",\"position\":1,\"name\":\"Home\",\"item\":\"https:\/\/irn-postcolonial-print-cultures.org\/\"},{\"@type\":\"ListItem\",\"position\":2,\"name\":\"News\",\"item\":\"https:\/\/irn-postcolonial-print-cultures.org\/index.php\/news\/\"},{\"@type\":\"ListItem\",\"position\":3,\"name\":\"Newsletter #4 &#8211; January-February 2024\"}]},{\"@type\":\"WebSite\",\"@id\":\"https:\/\/irn-postcolonial-print-cultures.org\/#website\",\"url\":\"https:\/\/irn-postcolonial-print-cultures.org\/\",\"name\":\"International Research Network on Postcolonial Print Cultures\",\"description\":\"\",\"potentialAction\":[{\"@type\":\"SearchAction\",\"target\":{\"@type\":\"EntryPoint\",\"urlTemplate\":\"https:\/\/irn-postcolonial-print-cultures.org\/?s={search_term_string}\"},\"query-input\":{\"@type\":\"PropertyValueSpecification\",\"valueRequired\":true,\"valueName\":\"search_term_string\"}}],\"inLanguage\":\"en-US\"}]}<\/script>\n<!-- \/ Yoast SEO plugin. -->","yoast_head_json":{"title":"Newsletter #4 - January-February 2024 - International Research Network on Postcolonial Print Cultures","robots":{"index":"index","follow":"follow","max-snippet":"max-snippet:-1","max-image-preview":"max-image-preview:large","max-video-preview":"max-video-preview:-1"},"canonical":"https:\/\/irn-postcolonial-print-cultures.org\/index.php\/news\/newsletter-4-january-february-2024\/","og_locale":"en_US","og_type":"article","og_title":"Newsletter #4 - January-February 2024 - International Research Network on Postcolonial Print Cultures","og_description":"IRN seminars Next IRNPPC seminar Friday March 22nd 2024, the International Group for Studies of Colonial Periodical Press of the Portuguese Empire presented its research projects and publications, concerning Portuguese-speaking worlds and of other spaces (Goa, India, Macau, China), including the virtual exhibition. Other forthcoming IRNPPC seminar Friday May 3rd 2024, Professor James Procter will &hellip; Continue reading Newsletter #4 &#8211; January-February 2024 &rarr;","og_url":"https:\/\/irn-postcolonial-print-cultures.org\/index.php\/news\/newsletter-4-january-february-2024\/","og_site_name":"International Research Network on Postcolonial Print Cultures","article_modified_time":"2024-03-26T02:23:08+00:00","og_image":[{"url":"https:\/\/irn-postcolonial-print-cultures.org\/wp-content\/uploads\/2024\/02\/Capture-decran-2024-02-15-a-15.02.20-238x300.png","type":"","width":"","height":""}],"twitter_card":"summary_large_image","twitter_misc":{"Est. reading time":"6 minutes"},"schema":{"@context":"https:\/\/schema.org","@graph":[{"@type":"WebPage","@id":"https:\/\/irn-postcolonial-print-cultures.org\/index.php\/news\/newsletter-4-january-february-2024\/","url":"https:\/\/irn-postcolonial-print-cultures.org\/index.php\/news\/newsletter-4-january-february-2024\/","name":"Newsletter #4 - January-February 2024 - International Research Network on Postcolonial Print Cultures","isPartOf":{"@id":"https:\/\/irn-postcolonial-print-cultures.org\/#website"},"primaryImageOfPage":{"@id":"https:\/\/irn-postcolonial-print-cultures.org\/index.php\/news\/newsletter-4-january-february-2024\/#primaryimage"},"image":{"@id":"https:\/\/irn-postcolonial-print-cultures.org\/index.php\/news\/newsletter-4-january-february-2024\/#primaryimage"},"thumbnailUrl":"https:\/\/irn-postcolonial-print-cultures.org\/wp-content\/uploads\/2024\/02\/Capture-decran-2024-02-15-a-15.02.20-238x300.png","datePublished":"2024-03-25T17:34:48+00:00","dateModified":"2024-03-26T02:23:08+00:00","breadcrumb":{"@id":"https:\/\/irn-postcolonial-print-cultures.org\/index.php\/news\/newsletter-4-january-february-2024\/#breadcrumb"},"inLanguage":"en-US","potentialAction":[{"@type":"ReadAction","target":["https:\/\/irn-postcolonial-print-cultures.org\/index.php\/news\/newsletter-4-january-february-2024\/"]}]},{"@type":"ImageObject","inLanguage":"en-US","@id":"https:\/\/irn-postcolonial-print-cultures.org\/index.php\/news\/newsletter-4-january-february-2024\/#primaryimage","url":"https:\/\/irn-postcolonial-print-cultures.org\/wp-content\/uploads\/2024\/02\/Capture-decran-2024-02-15-a-15.02.20-e1711386063434.png","contentUrl":"https:\/\/irn-postcolonial-print-cultures.org\/wp-content\/uploads\/2024\/02\/Capture-decran-2024-02-15-a-15.02.20-e1711386063434.png","width":333,"height":316},{"@type":"BreadcrumbList","@id":"https:\/\/irn-postcolonial-print-cultures.org\/index.php\/news\/newsletter-4-january-february-2024\/#breadcrumb","itemListElement":[{"@type":"ListItem","position":1,"name":"Home","item":"https:\/\/irn-postcolonial-print-cultures.org\/"},{"@type":"ListItem","position":2,"name":"News","item":"https:\/\/irn-postcolonial-print-cultures.org\/index.php\/news\/"},{"@type":"ListItem","position":3,"name":"Newsletter #4 &#8211; January-February 2024"}]},{"@type":"WebSite","@id":"https:\/\/irn-postcolonial-print-cultures.org\/#website","url":"https:\/\/irn-postcolonial-print-cultures.org\/","name":"International Research Network on Postcolonial Print Cultures","description":"","potentialAction":[{"@type":"SearchAction","target":{"@type":"EntryPoint","urlTemplate":"https:\/\/irn-postcolonial-print-cultures.org\/?s={search_term_string}"},"query-input":{"@type":"PropertyValueSpecification","valueRequired":true,"valueName":"search_term_string"}}],"inLanguage":"en-US"}]}},"_links":{"self":[{"href":"https:\/\/irn-postcolonial-print-cultures.org\/index.php\/wp-json\/wp\/v2\/pages\/1018","targetHints":{"allow":["GET"]}}],"collection":[{"href":"https:\/\/irn-postcolonial-print-cultures.org\/index.php\/wp-json\/wp\/v2\/pages"}],"about":[{"href":"https:\/\/irn-postcolonial-print-cultures.org\/index.php\/wp-json\/wp\/v2\/types\/page"}],"author":[{"embeddable":true,"href":"https:\/\/irn-postcolonial-print-cultures.org\/index.php\/wp-json\/wp\/v2\/users\/1"}],"replies":[{"embeddable":true,"href":"https:\/\/irn-postcolonial-print-cultures.org\/index.php\/wp-json\/wp\/v2\/comments?post=1018"}],"version-history":[{"count":8,"href":"https:\/\/irn-postcolonial-print-cultures.org\/index.php\/wp-json\/wp\/v2\/pages\/1018\/revisions"}],"predecessor-version":[{"id":1043,"href":"https:\/\/irn-postcolonial-print-cultures.org\/index.php\/wp-json\/wp\/v2\/pages\/1018\/revisions\/1043"}],"up":[{"embeddable":true,"href":"https:\/\/irn-postcolonial-print-cultures.org\/index.php\/wp-json\/wp\/v2\/pages\/90"}],"wp:attachment":[{"href":"https:\/\/irn-postcolonial-print-cultures.org\/index.php\/wp-json\/wp\/v2\/media?parent=1018"}],"curies":[{"name":"wp","href":"https:\/\/api.w.org\/{rel}","templated":true}]}}