{"id":31,"date":"2023-05-30T11:27:49","date_gmt":"2023-05-30T09:27:49","guid":{"rendered":"http:\/\/irn-postcolonial-print-cultures.org\/?page_id=31"},"modified":"2025-06-09T19:12:16","modified_gmt":"2025-06-09T17:12:16","slug":"cnrs","status":"publish","type":"page","link":"https:\/\/irn-postcolonial-print-cultures.org\/index.php\/members\/cnrs\/","title":{"rendered":"CNRS (France)"},"content":{"rendered":"<p align=\"justify\"><span style=\"font-family: 'Cormorant Garamond';\"><span style=\"font-size: 18px;\"><a href=\"https:\/\/www.thalim.cnrs.fr\/\">THALIM<\/a><br \/>\nTh\u00e9orie et histoire des arts et des litt\u00e9ratures de la modernit\u00e9<strong><br \/>\n<\/strong>CNRS, Universit\u00e9 Sorbonne Nouvelle, \u00c9cole Normale Sup\u00e9rieure-PSL<\/span><\/span><\/p>\n<p align=\"justify\"><span style=\"font-family: 'Cormorant Garamond';\"><span style=\"font-size: 18px;\">Network PI: <a href=\"https:\/\/laetitia-zecchini.com\/\" target=\"_blank\" rel=\"noopener\">Laetitia Zecchini<\/a> (CNRS-University of Chicago)<\/span><\/span><\/p>\n<p align=\"justify\"><span style=\"font-family: 'Cormorant Garamond';\"><span style=\"font-size: 18px;\"><a href=\"https:\/\/www.thalim.cnrs.fr\/auteur\/ada-ackerman\" target=\"_blank\" rel=\"noopener\">Ada Ackerman<\/a> (CNRS)<br \/>\n<a href=\"https:\/\/thalim.cnrs.fr\/auteur\/celine-gahungu\" target=\"_blank\" rel=\"noopener\">C\u00e9line Gahungu<\/a> (Universit\u00e9 Sorbonne Nouvelle)<br \/>\n<a href=\"https:\/\/thalim.cnrs.fr\/auteur\/xavier-garnier\" target=\"_blank\" rel=\"noopener\">Xavier Garnier<\/a> (Universit\u00e9 Sorbonne Nouvelle)<br \/>\n<a href=\"https:\/\/www.thalim.cnrs.fr\/auteur\/maeline-le-lay\" target=\"_blank\" rel=\"noopener\">Ma\u00ebline Le Lay<\/a> (CNRS)<br \/>\n<a href=\"https:\/\/thalim.cnrs.fr\/auteur\/tristan-leperlier\" target=\"_blank\" rel=\"noopener\">Tristan Leperlier<\/a> (CNRS)<\/span><\/span><\/p>\n<p align=\"justify\"><span style=\"font-family: 'Cormorant Garamond';\"><span style=\"font-size: 18px;\">ITEM<br \/>\nInstitut des Textes et des Manuscrits modernes<br \/>\n<a href=\"http:\/\/www.item.ens.fr\/francophone\" target=\"_blank\" rel=\"noopener\">\u00c9quipe manuscrits francophones<\/a><br \/>\nCNRS, \u00c9cole Normale Sup\u00e9rieure \u2013 PSL<\/span><\/span><\/p>\n<p align=\"justify\"><span style=\"font-family: 'Cormorant Garamond';\"><span style=\"font-size: 18px;\">ITEM coordinator\u00a0: <a href=\"http:\/\/www.item.ens.fr\/claire-riffard\/\" target=\"_blank\" rel=\"noopener\">Claire Riffard<\/a> (CNRS)<\/span><\/span><\/p>\n<p align=\"justify\"><span style=\"font-family: EB Garamond;\"><span style=\"font-size: 18px;\"><span style=\"font-family: 'Cormorant Garamond';\"><a href=\"http:\/\/www.item.ens.fr\/labrune-badiane\/\" target=\"_blank\" rel=\"noopener\">C\u00e9line Labrune-Badiane<\/a> (ITEM)<\/span><br \/>\n<span style=\"font-family: 'Cormorant Garamond';\"><a href=\"http:\/\/www.item.ens.fr\/chemla\/\" target=\"_blank\" rel=\"noopener\">Yves Chemla<\/a> (Universit\u00e9 Paris Cit\u00e9 \u2013 ITEM)<\/span><br \/>\n<span style=\"font-family: 'Cormorant Garamond';\"><a href=\"http:\/\/www.item.ens.fr\/CV\/ekoungoun.pdf\" target=\"_blank\" rel=\"noopener\">Jean-Francis Ekoungoun<\/a> (Universit\u00e9 de Bouak\u00e9 \/ ITEM)<\/span><br \/>\n<span style=\"font-family: 'Cormorant Garamond';\"><a href=\"https:\/\/cemti.univ-paris8.fr\/?julie-peghini\" target=\"_blank\" rel=\"noopener\">Julie Peghini<\/a> (Paris 8 \/ ITEM)<\/span><br \/>\n<span style=\"font-family: 'Cormorant Garamond';\"><a href=\"http:\/\/www.item.ens.fr\/scheelc\/\" target=\"_blank\" rel=\"noopener\">Charles Scheel<\/a> (Universit\u00e9 des Antilles \/ ITEM)<\/span><br \/>\n<span style=\"font-family: 'Cormorant Garamond';\"><a href=\"http:\/\/www.item.ens.fr\/jp-orban\/\" target=\"_blank\" rel=\"noopener\">Jean-Pierre Orban<\/a> (ITEM)<\/span><br \/>\n<span style=\"font-family: 'Cormorant Garamond';\"><a href=\"http:\/\/www.item.ens.fr\/zaccarello\/\" target=\"_blank\" rel=\"noopener\">Benedetta Zaccarello<\/a> (CNRS)<\/span><br \/>\n<\/span><\/span><\/p>\n","protected":false},"excerpt":{"rendered":"<p>THALIM Th\u00e9orie et histoire des arts et des litt\u00e9ratures de la modernit\u00e9 CNRS, Universit\u00e9 Sorbonne Nouvelle, \u00c9cole Normale Sup\u00e9rieure-PSL Network PI: Laetitia Zecchini (CNRS-University of Chicago) Ada Ackerman (CNRS) C\u00e9line Gahungu (Universit\u00e9 Sorbonne Nouvelle) Xavier Garnier (Universit\u00e9 Sorbonne Nouvelle) Ma\u00ebline Le Lay (CNRS) Tristan Leperlier (CNRS) ITEM Institut des Textes et des Manuscrits modernes \u00c9quipe &hellip; <a href=\"https:\/\/irn-postcolonial-print-cultures.org\/index.php\/members\/cnrs\/\" class=\"more-link\">Continue reading <span class=\"screen-reader-text\">CNRS (France)<\/span> <span class=\"meta-nav\">&rarr;<\/span><\/a><\/p>\n","protected":false},"author":1,"featured_media":0,"parent":16,"menu_order":0,"comment_status":"closed","ping_status":"closed","template":"","meta":{"_mc_calendar":[],"footnotes":""},"class_list":["post-31","page","type-page","status-publish","hentry"],"yoast_head":"<!-- This site is optimized with the Yoast SEO plugin v24.9 - https:\/\/yoast.com\/wordpress\/plugins\/seo\/ -->\n<title>CNRS (France) - International Research Network on Postcolonial Print Cultures<\/title>\n<meta name=\"robots\" content=\"index, follow, max-snippet:-1, max-image-preview:large, max-video-preview:-1\" \/>\n<link rel=\"canonical\" href=\"https:\/\/irn-postcolonial-print-cultures.org\/index.php\/members\/cnrs\/\" \/>\n<meta property=\"og:locale\" content=\"en_US\" \/>\n<meta property=\"og:type\" content=\"article\" \/>\n<meta property=\"og:title\" content=\"CNRS (France) - International Research Network on Postcolonial Print Cultures\" \/>\n<meta property=\"og:description\" content=\"THALIM Th\u00e9orie et histoire des arts et des litt\u00e9ratures de la modernit\u00e9 CNRS, Universit\u00e9 Sorbonne Nouvelle, \u00c9cole Normale Sup\u00e9rieure-PSL Network PI: Laetitia Zecchini (CNRS-University of Chicago) Ada Ackerman (CNRS) C\u00e9line Gahungu (Universit\u00e9 Sorbonne Nouvelle) Xavier Garnier (Universit\u00e9 Sorbonne Nouvelle) Ma\u00ebline Le Lay (CNRS) Tristan Leperlier (CNRS) ITEM Institut des Textes et des Manuscrits modernes \u00c9quipe &hellip; Continue reading CNRS (France) &rarr;\" \/>\n<meta property=\"og:url\" content=\"https:\/\/irn-postcolonial-print-cultures.org\/index.php\/members\/cnrs\/\" \/>\n<meta property=\"og:site_name\" content=\"International Research Network on Postcolonial Print Cultures\" \/>\n<meta property=\"article:modified_time\" content=\"2025-06-09T17:12:16+00:00\" \/>\n<meta name=\"twitter:card\" content=\"summary_large_image\" \/>\n<meta name=\"twitter:label1\" content=\"Est. reading time\" \/>\n\t<meta name=\"twitter:data1\" content=\"1 minute\" \/>\n<script type=\"application\/ld+json\" class=\"yoast-schema-graph\">{\"@context\":\"https:\/\/schema.org\",\"@graph\":[{\"@type\":\"WebPage\",\"@id\":\"https:\/\/irn-postcolonial-print-cultures.org\/index.php\/members\/cnrs\/\",\"url\":\"https:\/\/irn-postcolonial-print-cultures.org\/index.php\/members\/cnrs\/\",\"name\":\"CNRS (France) - International Research Network on Postcolonial Print Cultures\",\"isPartOf\":{\"@id\":\"https:\/\/irn-postcolonial-print-cultures.org\/#website\"},\"datePublished\":\"2023-05-30T09:27:49+00:00\",\"dateModified\":\"2025-06-09T17:12:16+00:00\",\"breadcrumb\":{\"@id\":\"https:\/\/irn-postcolonial-print-cultures.org\/index.php\/members\/cnrs\/#breadcrumb\"},\"inLanguage\":\"en-US\",\"potentialAction\":[{\"@type\":\"ReadAction\",\"target\":[\"https:\/\/irn-postcolonial-print-cultures.org\/index.php\/members\/cnrs\/\"]}]},{\"@type\":\"BreadcrumbList\",\"@id\":\"https:\/\/irn-postcolonial-print-cultures.org\/index.php\/members\/cnrs\/#breadcrumb\",\"itemListElement\":[{\"@type\":\"ListItem\",\"position\":1,\"name\":\"Home\",\"item\":\"https:\/\/irn-postcolonial-print-cultures.org\/\"},{\"@type\":\"ListItem\",\"position\":2,\"name\":\"Members\",\"item\":\"https:\/\/irn-postcolonial-print-cultures.org\/index.php\/members\/\"},{\"@type\":\"ListItem\",\"position\":3,\"name\":\"CNRS (France)\"}]},{\"@type\":\"WebSite\",\"@id\":\"https:\/\/irn-postcolonial-print-cultures.org\/#website\",\"url\":\"https:\/\/irn-postcolonial-print-cultures.org\/\",\"name\":\"International Research Network on Postcolonial Print Cultures\",\"description\":\"\",\"potentialAction\":[{\"@type\":\"SearchAction\",\"target\":{\"@type\":\"EntryPoint\",\"urlTemplate\":\"https:\/\/irn-postcolonial-print-cultures.org\/?s={search_term_string}\"},\"query-input\":{\"@type\":\"PropertyValueSpecification\",\"valueRequired\":true,\"valueName\":\"search_term_string\"}}],\"inLanguage\":\"en-US\"}]}<\/script>\n<!-- \/ Yoast SEO plugin. -->","yoast_head_json":{"title":"CNRS (France) - International Research Network on Postcolonial Print Cultures","robots":{"index":"index","follow":"follow","max-snippet":"max-snippet:-1","max-image-preview":"max-image-preview:large","max-video-preview":"max-video-preview:-1"},"canonical":"https:\/\/irn-postcolonial-print-cultures.org\/index.php\/members\/cnrs\/","og_locale":"en_US","og_type":"article","og_title":"CNRS (France) - International Research Network on Postcolonial Print Cultures","og_description":"THALIM Th\u00e9orie et histoire des arts et des litt\u00e9ratures de la modernit\u00e9 CNRS, Universit\u00e9 Sorbonne Nouvelle, \u00c9cole Normale Sup\u00e9rieure-PSL Network PI: Laetitia Zecchini (CNRS-University of Chicago) Ada Ackerman (CNRS) C\u00e9line Gahungu (Universit\u00e9 Sorbonne Nouvelle) Xavier Garnier (Universit\u00e9 Sorbonne Nouvelle) Ma\u00ebline Le Lay (CNRS) Tristan Leperlier (CNRS) ITEM Institut des Textes et des Manuscrits modernes \u00c9quipe &hellip; Continue reading CNRS (France) &rarr;","og_url":"https:\/\/irn-postcolonial-print-cultures.org\/index.php\/members\/cnrs\/","og_site_name":"International Research Network on Postcolonial Print Cultures","article_modified_time":"2025-06-09T17:12:16+00:00","twitter_card":"summary_large_image","twitter_misc":{"Est. reading time":"1 minute"},"schema":{"@context":"https:\/\/schema.org","@graph":[{"@type":"WebPage","@id":"https:\/\/irn-postcolonial-print-cultures.org\/index.php\/members\/cnrs\/","url":"https:\/\/irn-postcolonial-print-cultures.org\/index.php\/members\/cnrs\/","name":"CNRS (France) - International Research Network on Postcolonial Print Cultures","isPartOf":{"@id":"https:\/\/irn-postcolonial-print-cultures.org\/#website"},"datePublished":"2023-05-30T09:27:49+00:00","dateModified":"2025-06-09T17:12:16+00:00","breadcrumb":{"@id":"https:\/\/irn-postcolonial-print-cultures.org\/index.php\/members\/cnrs\/#breadcrumb"},"inLanguage":"en-US","potentialAction":[{"@type":"ReadAction","target":["https:\/\/irn-postcolonial-print-cultures.org\/index.php\/members\/cnrs\/"]}]},{"@type":"BreadcrumbList","@id":"https:\/\/irn-postcolonial-print-cultures.org\/index.php\/members\/cnrs\/#breadcrumb","itemListElement":[{"@type":"ListItem","position":1,"name":"Home","item":"https:\/\/irn-postcolonial-print-cultures.org\/"},{"@type":"ListItem","position":2,"name":"Members","item":"https:\/\/irn-postcolonial-print-cultures.org\/index.php\/members\/"},{"@type":"ListItem","position":3,"name":"CNRS (France)"}]},{"@type":"WebSite","@id":"https:\/\/irn-postcolonial-print-cultures.org\/#website","url":"https:\/\/irn-postcolonial-print-cultures.org\/","name":"International Research Network on Postcolonial Print Cultures","description":"","potentialAction":[{"@type":"SearchAction","target":{"@type":"EntryPoint","urlTemplate":"https:\/\/irn-postcolonial-print-cultures.org\/?s={search_term_string}"},"query-input":{"@type":"PropertyValueSpecification","valueRequired":true,"valueName":"search_term_string"}}],"inLanguage":"en-US"}]}},"_links":{"self":[{"href":"https:\/\/irn-postcolonial-print-cultures.org\/index.php\/wp-json\/wp\/v2\/pages\/31","targetHints":{"allow":["GET"]}}],"collection":[{"href":"https:\/\/irn-postcolonial-print-cultures.org\/index.php\/wp-json\/wp\/v2\/pages"}],"about":[{"href":"https:\/\/irn-postcolonial-print-cultures.org\/index.php\/wp-json\/wp\/v2\/types\/page"}],"author":[{"embeddable":true,"href":"https:\/\/irn-postcolonial-print-cultures.org\/index.php\/wp-json\/wp\/v2\/users\/1"}],"replies":[{"embeddable":true,"href":"https:\/\/irn-postcolonial-print-cultures.org\/index.php\/wp-json\/wp\/v2\/comments?post=31"}],"version-history":[{"count":17,"href":"https:\/\/irn-postcolonial-print-cultures.org\/index.php\/wp-json\/wp\/v2\/pages\/31\/revisions"}],"predecessor-version":[{"id":1376,"href":"https:\/\/irn-postcolonial-print-cultures.org\/index.php\/wp-json\/wp\/v2\/pages\/31\/revisions\/1376"}],"up":[{"embeddable":true,"href":"https:\/\/irn-postcolonial-print-cultures.org\/index.php\/wp-json\/wp\/v2\/pages\/16"}],"wp:attachment":[{"href":"https:\/\/irn-postcolonial-print-cultures.org\/index.php\/wp-json\/wp\/v2\/media?parent=31"}],"curies":[{"name":"wp","href":"https:\/\/api.w.org\/{rel}","templated":true}]}}