{"id":841,"date":"2023-11-25T10:55:47","date_gmt":"2023-11-25T09:55:47","guid":{"rendered":"https:\/\/irn-postcolonial-print-cultures.org\/?page_id=841"},"modified":"2025-07-24T17:26:47","modified_gmt":"2025-07-24T15:26:47","slug":"irnppc-workshop-june-27th-28th-2023","status":"publish","type":"page","link":"https:\/\/irn-postcolonial-print-cultures.org\/index.php\/irnppc-workshop-june-27th-28th-2023\/","title":{"rendered":"Paris, 2023"},"content":{"rendered":"<p style=\"text-align: left;\"><strong>ATELIER\u00a0: Cultures de l\u2019imprim\u00e9 postcoloniales et Archives\u00a0: Pratiques et Terrains, M\u00e9thodes et Enjeux<br \/>\n<\/strong><strong>Postcolonial Print Cultures and Archives<\/strong><\/p>\n<p style=\"text-align: left;\"><strong>27-28 juin 2023<\/strong><\/p>\n<p style=\"text-align: left;\">Salle Dussane, \u00c9cole normale sup\u00e9rieure, 45 rue d\u2019Ulm<br \/>\nOrganis\u00e9 par Laetitia Zecchini (CNRS-THALIM)<\/p>\n<p style=\"text-align: justify;\"><em>Participants confirm\u00e9s\u00a0: Claire Riffard, Ma\u00ebline Le Lay, C\u00e9line Gahungu, Tristan Leperlier, Ada Ackerman, Julie Peghini, Benedetta Zaccarello, Guy Degas, Charles Scheel, C\u00e9line Labrune-Badiagne, Yves Chemla, Francesca Orsini, Laetitia Zecchini<\/em><\/p>\n<p style=\"text-align: justify;\">Le compte-rendu des deux journ\u00e9es est en ligne<a href=\"https:\/\/irn-postcolonial-print-cultures.org\/wp-content\/uploads\/2023\/10\/French_Workshop-June-ENS.pdf\" target=\"_blank\" rel=\"noopener\"> ici<\/a>.<\/p>\n<p style=\"text-align: justify;\">Cette premi\u00e8re journ\u00e9e d\u2019\u00e9tude de l\u2019<a href=\"https:\/\/www.thalim.cnrs.fr\/programmes-de-recherche\/programmes-subventionnes\/article\/international-research-network-on-postcolonial-print-cultures\" target=\"_blank\" rel=\"noopener\">International Research Network on Postcolonial Print Cultures<\/a> (IRNPPC) a pour vocation de rassembler principalement chercheuses et chercheurs des deux unit\u00e9s CNRS (THALIM et ITEM) impliqu\u00e9es dans l\u2019IRN, et de poser les fondements des \u00e9changes \u00e0 venir. Nous aimerions en premier lieu faire un \u00e9tat des lieux \u2013 provisoire, exploratoire \u2013 des archives sur lesquelles nous travaillons\u00a0; des questions que celles-ci nous posent\u00a0; des m\u00e9thodes que nous utilisons. Si de plus en plus de travaux existent sur ces cultures de l\u2019imprim\u00e9 en contexte postcolonial, ces recherches sont souvent fragment\u00e9es entre contextes, langues, m\u00e9thodes\/approches, et m\u00eame traditions acad\u00e9miques (fragmentation que recoupe en partie le partage entre traditions scientifiques anglophones et francophones\u00a0; entre travaux sur l\u2019Asie du sud et travaux sur l\u2019Afrique). Le caract\u00e8re souvent \u00e9ph\u00e9m\u00e8re, hybride et inter-m\u00e9dial de ces \u00ab\u00a0cultures de l\u2019imprim\u00e9\u00a0\u00bb \u2013 terme plus fluide et pluriel que \u00ab textes \u00bb ou \u00ab litt\u00e9rature \u00bb qui rend compte des conditions d\u2019\u00e9mergence et de production des litt\u00e9ratures dites \u00ab\u00a0des Suds\u00a0\u00bb, puisque les genres, formes et m\u00e9dia auxquels nous nous int\u00e9ressons en priorit\u00e9 sont des revues, p\u00e9riodiques, pamphlets, brouillons, manuels, productions radiophoniques et t\u00e9l\u00e9visuelles, etc. au statut souvent incertain et labile \u2013 renforce par ailleurs cette complexit\u00e9. Cette journ\u00e9e d\u2019\u00e9tude entend donc confronter diff\u00e9rents contextes (Asie du sud, Afrique de l\u2019Ouest, Polyn\u00e9sie, Maghreb, etc.) et diff\u00e9rentes approches (g\u00e9n\u00e9tique, historique, po\u00e9tique, etc.)\u00a0sur des archives elles-m\u00eames plurielles, notamment en termes de genre (archives \u00e9crites, orales, radiophoniques, visuelles, etc.), ou de statut (institutionnelles, priv\u00e9es, informelles, etc.).<\/p>\n<p style=\"text-align: justify;\">Si nous postulons la sp\u00e9cificit\u00e9 de ces archives postcoloniales, nous souhaiterions surtout faire \u00e9merger des questionnements communs\u00a0portant par exemple sur l\u2019acc\u00e8s mat\u00e9riel \u00e0 ces archives ; la multiplicit\u00e9, la diff\u00e9rence (ou la convergence) des pratiques archivistiques dans diff\u00e9rents contextes, et la fonction qui leur est attribu\u00e9e ; les g\u00e9n\u00e9alogies coloniales de certaines pratiques de patrimonialisation\/conservation (et les hi\u00e9rarchisations induites); leur d\u00e9colonisation possible ; les enjeux scientifiques, politiques, et m\u00eame \u00e9thiques du \u00ab\u00a0digital turn\u00a0\u00bb\u00a0; les difficult\u00e9s, les d\u00e9fis (en termes d\u2019acc\u00e8s ou de dispersion, en termes de vuln\u00e9rabilit\u00e9, en terme d\u2019absence de soutien institutionnel, etc.)\u00a0; les implications heuristiques ou \u00e9pist\u00e9mologiques de ces archives qui peuvent permettre de repenser (pluraliser et d\u00e9centrer) les notions m\u00eames de genre, les fronti\u00e8res du champ litt\u00e9raire,\u00a0et certains champs disciplinaires institu\u00e9s (comme \u00ab\u00a0la litt\u00e9rature mondiale\u00a0\u00bb, \u00ab\u00a0la litt\u00e9rature postcoloniale\u00a0\u00bb, \u00ab\u00a0philosophie\u00a0\u00bb, etc.)\u00a0; le statut et le positionnement du chercheur (chercheur-collectionneur-archiviste\u00a0?), et son r\u00f4le dans le passage de l\u2019archive au corpus\u2026<\/p>\n<p style=\"text-align: justify;\">Cet atelier d\u2019une journ\u00e9e et demi comportera une table-ronde de 2 heures, un \u00ab\u00a0retour d\u2019exp\u00e9rience\u00a0\u00bb sur des projets ou chantiers collectifs\u00a0(notamment celui de Benedetta Zaccarello sur son cycle de conf\u00e9rences \u00ab\u00a0<a href=\"https:\/\/cefres.cz\/en\/events\/event\/what-is-an-archive-india-europe\" target=\"_blank\" rel=\"noopener\">What is an Archive in India and Europe<\/a>\u00a0\u00bb, dans le cadre de son IRN \u2018Archives of International Theory\u2019, et Claire Riffard sur les archives Senghor et sur le projet <a href=\"https:\/\/eman-archives.org\/Cartomac\" target=\"_blank\" rel=\"noopener\">CARTOMAC<\/a>)\u00a0; et une s\u00e9rie de pr\u00e9sentations sur certaines \u00e9tudes de cas et terrains particuliers.<\/p>\n<p style=\"text-align: justify;\">QUELQUES R\u00c9F\u00c9RENCES BIBLIOGRAPHIQUES DES CHERCHEURS THALIM \u2013 ITEM SUR CES QUESTIONS (\u00e0 compl\u00e9ter)<\/p>\n<p style=\"text-align: justify;\">Ma\u00ebline\u00a0Le Lay, \u2018<a href=\"https:\/\/journals.openedition.org\/coma\/4288\" target=\"_blank\" rel=\"noopener\">Du chiffonnier \u00e0 l\u2019anthropologue\u00a0: statut du texte et positionnement du chercheur sur un terrain litt\u00e9raire et th\u00e9\u00e2tral<\/a>\u2019, Continents Manuscrits [Online], \u2018Th\u00e9\u00e2tres d\u2019Afriques\u00a0: des traces aux archives\u2019, 13\u00a0: 2019.<\/p>\n<p style=\"text-align: justify;\">Claire Riffard, \u2018<a href=\"https:\/\/www.sources-journal.org\/929#tocto1n5\" target=\"_blank\" rel=\"noopener\">Dans les archives litt\u00e9raires francophones africaines\u00a0: Approche g\u00e9n\u00e9tique et constitution de corpus<\/a>\u2019, Sources [Online], 5\u00a0: 2022.<\/p>\n<p style=\"text-align: justify;\">Benedetta Zaccarello, \u2018Transferts et philologie d\u2019auteur en contexte indien. Remarques sur l\u2019\u00e9tude g\u00e9n\u00e9tique des manuscrits d\u2019Aurobindo Ghose\u2019, in L\u2019Espace du sens, approches de la philologie indienne \/ The Space of Meaning, Approaches to Indian Philology, eds. Sylvia d\u2019Intino &amp; Sheldon Pollok, Paris: De Boccard, 2019, pp. 535-562.<\/p>\n<p style=\"text-align: justify;\">Laetitia Zecchini, \u2018<a href=\"https:\/\/www.tandfonline.com\/doi\/full\/10.1080\/00856401.2022.2040868\" target=\"_blank\" rel=\"noopener\">Archives of Minority: \u201cLittle\u201d Publications and the Politics of Friendship in Postcolonial Bombay<\/a>\u2019, \u2018<a href=\"https:\/\/www.tandfonline.com\/doi\/full\/10.1080\/00856401.2022.2040803\" target=\"_blank\" rel=\"noopener\">Postcolonial Archives<\/a>\u2019, eds. Anjali Nerlekar &amp; Francesca Orsini, South Asia: Journal of South Asian Studies, 45:2, 2022<\/p>\n<p style=\"text-align: justify;\"><strong>Programme de l\u2019atelier (Salle Dussane, 45 rue d\u2019Ulm)<br \/>\nMardi 27 juin<\/strong><br \/>\n<strong><br \/>\n13h30 : Accueil (&amp; caf\u00e9)<br \/>\n14h Introduction \u2013 Laetitia Zecchini<\/strong> (THALIM) &#8211; Pr\u00e9sentation de l\u2019IRN sur les cultures de l\u2019imprim\u00e9 postcoloniales<\/p>\n<p style=\"text-align: justify;\"><strong>Tour de table rapide des participants<\/strong> \u2013 sur les archives sur lesquelles nous travaillons, et l\u2019int\u00e9r\u00eat de la question\/cat\u00e9gorie \u00ab\u00a0cultures de l\u2019imprim\u00e9\u00a0\u00bb<br \/>\n<strong><br \/>\n15h \u2013 15h40<br \/>\nClaire Riffard<\/strong> et <strong>C\u00e9line Labrune-Badiane<\/strong> (ITEM) \u2013 Usages postcoloniaux des archives litt\u00e9raires africaines : le cas de L. S. Senghor<\/p>\n<p style=\"text-align: justify;\">16h \u2013 16h30 -Tristan Leperlier (THALIM \u2013 par zoom) &#8211; Archives et imprim\u00e9s rares de la litt\u00e9rature maghr\u00e9bine : retour d&#8217;exp\u00e9rience (et d&#8217;\u00e9checs) transnationale et pluriel<br \/>\n<strong><br \/>\nMercredi 28 juin<br \/>\n9h30 &#8211; Ma\u00ebline Le Lay<\/strong> (THALIM) \u2013 Portrait du chercheur en chiffonnier \u2013 La fabrique d\u2019une archive et d\u2019une biblioth\u00e8que du slam \u00e0 Goma<\/p>\n<p style=\"text-align: justify;\"><strong>10h15 \u2013 11h<br \/>\nBenedetta Zaccarello<\/strong> (ITEM) \u2013 Retours sur l\u2019IRN \u2018Archives of International Theory, an Intercultural Approach\u2019<\/p>\n<p style=\"text-align: justify;\"><strong>11 h \u2013 11h45 Guy Degas<\/strong> (ITEM) &#8211; Archives francophone maghr\u00e9bine ses enjeux et ses perspectives<\/p>\n<p style=\"text-align: justify;\"><strong>D\u00e9jeuner<\/strong><\/p>\n<p style=\"text-align: justify;\">14h \u2013 16h Table-ronde\u00a0: <strong>Ma\u00ebline Le Lay, Benedetta Zaccarello, C\u00e9line Gahungu, Ada Ackerman, Julie Peghini, Yves Chemla, Francesca Orsini, Laetitia Zecchini <\/strong>(Claire Riffard, Tristan Leperlier, Charles Scheel par zoom)<\/p>\n","protected":false},"excerpt":{"rendered":"<p>ATELIER\u00a0: Cultures de l\u2019imprim\u00e9 postcoloniales et Archives\u00a0: Pratiques et Terrains, M\u00e9thodes et Enjeux Postcolonial Print Cultures and Archives 27-28 juin 2023 Salle Dussane, \u00c9cole normale sup\u00e9rieure, 45 rue d\u2019Ulm Organis\u00e9 par Laetitia Zecchini (CNRS-THALIM) Participants confirm\u00e9s\u00a0: Claire Riffard, Ma\u00ebline Le Lay, C\u00e9line Gahungu, Tristan Leperlier, Ada Ackerman, Julie Peghini, Benedetta Zaccarello, Guy Degas, Charles Scheel, &hellip; <a href=\"https:\/\/irn-postcolonial-print-cultures.org\/index.php\/irnppc-workshop-june-27th-28th-2023\/\" class=\"more-link\">Continue reading <span class=\"screen-reader-text\">Paris, 2023<\/span> <span class=\"meta-nav\">&rarr;<\/span><\/a><\/p>\n","protected":false},"author":1,"featured_media":0,"parent":0,"menu_order":0,"comment_status":"closed","ping_status":"closed","template":"","meta":{"_mc_calendar":[],"footnotes":""},"class_list":["post-841","page","type-page","status-publish","hentry"],"yoast_head":"<!-- This site is optimized with the Yoast SEO plugin v24.9 - https:\/\/yoast.com\/wordpress\/plugins\/seo\/ -->\n<title>Paris, 2023 - International Research Network on Postcolonial Print Cultures<\/title>\n<meta name=\"robots\" content=\"index, follow, max-snippet:-1, max-image-preview:large, max-video-preview:-1\" \/>\n<link rel=\"canonical\" href=\"https:\/\/irn-postcolonial-print-cultures.org\/index.php\/irnppc-workshop-june-27th-28th-2023\/\" \/>\n<meta property=\"og:locale\" content=\"en_US\" \/>\n<meta property=\"og:type\" content=\"article\" \/>\n<meta property=\"og:title\" content=\"Paris, 2023 - International Research Network on Postcolonial Print Cultures\" \/>\n<meta property=\"og:description\" content=\"ATELIER\u00a0: Cultures de l\u2019imprim\u00e9 postcoloniales et Archives\u00a0: Pratiques et Terrains, M\u00e9thodes et Enjeux Postcolonial Print Cultures and Archives 27-28 juin 2023 Salle Dussane, \u00c9cole normale sup\u00e9rieure, 45 rue d\u2019Ulm Organis\u00e9 par Laetitia Zecchini (CNRS-THALIM) Participants confirm\u00e9s\u00a0: Claire Riffard, Ma\u00ebline Le Lay, C\u00e9line Gahungu, Tristan Leperlier, Ada Ackerman, Julie Peghini, Benedetta Zaccarello, Guy Degas, Charles Scheel, &hellip; Continue reading Paris, 2023 &rarr;\" \/>\n<meta property=\"og:url\" content=\"https:\/\/irn-postcolonial-print-cultures.org\/index.php\/irnppc-workshop-june-27th-28th-2023\/\" \/>\n<meta property=\"og:site_name\" content=\"International Research Network on Postcolonial Print Cultures\" \/>\n<meta property=\"article:modified_time\" content=\"2025-07-24T15:26:47+00:00\" \/>\n<meta name=\"twitter:card\" content=\"summary_large_image\" \/>\n<meta name=\"twitter:label1\" content=\"Est. reading time\" \/>\n\t<meta name=\"twitter:data1\" content=\"4 minutes\" \/>\n<script type=\"application\/ld+json\" class=\"yoast-schema-graph\">{\"@context\":\"https:\/\/schema.org\",\"@graph\":[{\"@type\":\"WebPage\",\"@id\":\"https:\/\/irn-postcolonial-print-cultures.org\/index.php\/irnppc-workshop-june-27th-28th-2023\/\",\"url\":\"https:\/\/irn-postcolonial-print-cultures.org\/index.php\/irnppc-workshop-june-27th-28th-2023\/\",\"name\":\"Paris, 2023 - International Research Network on Postcolonial Print Cultures\",\"isPartOf\":{\"@id\":\"https:\/\/irn-postcolonial-print-cultures.org\/#website\"},\"datePublished\":\"2023-11-25T09:55:47+00:00\",\"dateModified\":\"2025-07-24T15:26:47+00:00\",\"breadcrumb\":{\"@id\":\"https:\/\/irn-postcolonial-print-cultures.org\/index.php\/irnppc-workshop-june-27th-28th-2023\/#breadcrumb\"},\"inLanguage\":\"en-US\",\"potentialAction\":[{\"@type\":\"ReadAction\",\"target\":[\"https:\/\/irn-postcolonial-print-cultures.org\/index.php\/irnppc-workshop-june-27th-28th-2023\/\"]}]},{\"@type\":\"BreadcrumbList\",\"@id\":\"https:\/\/irn-postcolonial-print-cultures.org\/index.php\/irnppc-workshop-june-27th-28th-2023\/#breadcrumb\",\"itemListElement\":[{\"@type\":\"ListItem\",\"position\":1,\"name\":\"Home\",\"item\":\"https:\/\/irn-postcolonial-print-cultures.org\/\"},{\"@type\":\"ListItem\",\"position\":2,\"name\":\"Paris, 2023\"}]},{\"@type\":\"WebSite\",\"@id\":\"https:\/\/irn-postcolonial-print-cultures.org\/#website\",\"url\":\"https:\/\/irn-postcolonial-print-cultures.org\/\",\"name\":\"International Research Network on Postcolonial Print Cultures\",\"description\":\"\",\"potentialAction\":[{\"@type\":\"SearchAction\",\"target\":{\"@type\":\"EntryPoint\",\"urlTemplate\":\"https:\/\/irn-postcolonial-print-cultures.org\/?s={search_term_string}\"},\"query-input\":{\"@type\":\"PropertyValueSpecification\",\"valueRequired\":true,\"valueName\":\"search_term_string\"}}],\"inLanguage\":\"en-US\"}]}<\/script>\n<!-- \/ Yoast SEO plugin. -->","yoast_head_json":{"title":"Paris, 2023 - International Research Network on Postcolonial Print Cultures","robots":{"index":"index","follow":"follow","max-snippet":"max-snippet:-1","max-image-preview":"max-image-preview:large","max-video-preview":"max-video-preview:-1"},"canonical":"https:\/\/irn-postcolonial-print-cultures.org\/index.php\/irnppc-workshop-june-27th-28th-2023\/","og_locale":"en_US","og_type":"article","og_title":"Paris, 2023 - International Research Network on Postcolonial Print Cultures","og_description":"ATELIER\u00a0: Cultures de l\u2019imprim\u00e9 postcoloniales et Archives\u00a0: Pratiques et Terrains, M\u00e9thodes et Enjeux Postcolonial Print Cultures and Archives 27-28 juin 2023 Salle Dussane, \u00c9cole normale sup\u00e9rieure, 45 rue d\u2019Ulm Organis\u00e9 par Laetitia Zecchini (CNRS-THALIM) Participants confirm\u00e9s\u00a0: Claire Riffard, Ma\u00ebline Le Lay, C\u00e9line Gahungu, Tristan Leperlier, Ada Ackerman, Julie Peghini, Benedetta Zaccarello, Guy Degas, Charles Scheel, &hellip; Continue reading Paris, 2023 &rarr;","og_url":"https:\/\/irn-postcolonial-print-cultures.org\/index.php\/irnppc-workshop-june-27th-28th-2023\/","og_site_name":"International Research Network on Postcolonial Print Cultures","article_modified_time":"2025-07-24T15:26:47+00:00","twitter_card":"summary_large_image","twitter_misc":{"Est. reading time":"4 minutes"},"schema":{"@context":"https:\/\/schema.org","@graph":[{"@type":"WebPage","@id":"https:\/\/irn-postcolonial-print-cultures.org\/index.php\/irnppc-workshop-june-27th-28th-2023\/","url":"https:\/\/irn-postcolonial-print-cultures.org\/index.php\/irnppc-workshop-june-27th-28th-2023\/","name":"Paris, 2023 - International Research Network on Postcolonial Print Cultures","isPartOf":{"@id":"https:\/\/irn-postcolonial-print-cultures.org\/#website"},"datePublished":"2023-11-25T09:55:47+00:00","dateModified":"2025-07-24T15:26:47+00:00","breadcrumb":{"@id":"https:\/\/irn-postcolonial-print-cultures.org\/index.php\/irnppc-workshop-june-27th-28th-2023\/#breadcrumb"},"inLanguage":"en-US","potentialAction":[{"@type":"ReadAction","target":["https:\/\/irn-postcolonial-print-cultures.org\/index.php\/irnppc-workshop-june-27th-28th-2023\/"]}]},{"@type":"BreadcrumbList","@id":"https:\/\/irn-postcolonial-print-cultures.org\/index.php\/irnppc-workshop-june-27th-28th-2023\/#breadcrumb","itemListElement":[{"@type":"ListItem","position":1,"name":"Home","item":"https:\/\/irn-postcolonial-print-cultures.org\/"},{"@type":"ListItem","position":2,"name":"Paris, 2023"}]},{"@type":"WebSite","@id":"https:\/\/irn-postcolonial-print-cultures.org\/#website","url":"https:\/\/irn-postcolonial-print-cultures.org\/","name":"International Research Network on Postcolonial Print Cultures","description":"","potentialAction":[{"@type":"SearchAction","target":{"@type":"EntryPoint","urlTemplate":"https:\/\/irn-postcolonial-print-cultures.org\/?s={search_term_string}"},"query-input":{"@type":"PropertyValueSpecification","valueRequired":true,"valueName":"search_term_string"}}],"inLanguage":"en-US"}]}},"_links":{"self":[{"href":"https:\/\/irn-postcolonial-print-cultures.org\/index.php\/wp-json\/wp\/v2\/pages\/841","targetHints":{"allow":["GET"]}}],"collection":[{"href":"https:\/\/irn-postcolonial-print-cultures.org\/index.php\/wp-json\/wp\/v2\/pages"}],"about":[{"href":"https:\/\/irn-postcolonial-print-cultures.org\/index.php\/wp-json\/wp\/v2\/types\/page"}],"author":[{"embeddable":true,"href":"https:\/\/irn-postcolonial-print-cultures.org\/index.php\/wp-json\/wp\/v2\/users\/1"}],"replies":[{"embeddable":true,"href":"https:\/\/irn-postcolonial-print-cultures.org\/index.php\/wp-json\/wp\/v2\/comments?post=841"}],"version-history":[{"count":7,"href":"https:\/\/irn-postcolonial-print-cultures.org\/index.php\/wp-json\/wp\/v2\/pages\/841\/revisions"}],"predecessor-version":[{"id":1419,"href":"https:\/\/irn-postcolonial-print-cultures.org\/index.php\/wp-json\/wp\/v2\/pages\/841\/revisions\/1419"}],"wp:attachment":[{"href":"https:\/\/irn-postcolonial-print-cultures.org\/index.php\/wp-json\/wp\/v2\/media?parent=841"}],"curies":[{"name":"wp","href":"https:\/\/api.w.org\/{rel}","templated":true}]}}